{"id":37,"date":"2016-02-02T17:36:05","date_gmt":"2016-02-02T17:36:05","guid":{"rendered":"http:\/\/www.kleintier-sonographie.de\/?page_id=37"},"modified":"2016-05-31T16:22:48","modified_gmt":"2016-05-31T16:22:48","slug":"leistungen","status":"publish","type":"page","link":"https:\/\/www.kleintier-sonographie.de\/?page_id=37","title":{"rendered":"Leistungen"},"content":{"rendered":"<ul>\n<li><strong>Farbdoppler &#8211; Echokardiographie (Ultraschalluntersuchung des Herzens)*<\/strong><\/li>\n<li><strong>Kardiologische Zuchtuntersuchungen bei Hund und Katze<\/strong><\/li>\n<li><strong>EKG<\/strong><\/li>\n<li><strong>Blutdruckmessung (Dopplermethode)<\/strong><\/li>\n<li><strong>Abdominalsonographie (Ultraschalluntersuchung des Bauchraums)*<\/strong><\/li>\n<li><strong>ultraschallgesteuerte Organbiopsien<\/strong><\/li>\n<\/ul>\n<p>&nbsp;<\/p>\n<p>* <strong><span style=\"color: #008000;\">Echokardiographie<\/span><\/strong> ist die bildhafte Darstellung des Herzens per Ultraschall. Sie liefert wichtige Informationen \u00fcber die Anatomie und Funktion von Herzmuskel, Herzkammern, Herzklappen und herznahen Gef\u00e4ssen und erm\u00f6glicht so die Diagnostik angeborener und erworbener Erkrankungen. Man unterscheidet drei Untersuchungsmethoden:<\/p>\n<ol>\n<li>2-D-Echokardiographie: Dieses zweidimensionale Verfahren liefert eine Echtzeit-Darstellung der anatomischen Verh\u00e4ltnisse und Bewegungsabl\u00e4ufe des Herzens.<\/li>\n<li>M-Mode (Motion-Mode): Der M-Mode ist ein eindimensionales Darstellungsverfahren, das mit Hilfe eines als Zeitreferenz synchron laufenden EKG (Elektrokardiogramm) die exakte Ausmessung von Kammergr\u00f6ssen, Wandst\u00e4rken, Gef\u00e4ssdimensionen und Wandbewegungen zu bestimmten Zeitpunkten der Herzaktion erm\u00f6glicht.<\/li>\n<li>Doppler-Echokardiographie: Es werden der Spektral- und der Farbdoppler unterschieden. Sie dienen der Darstellung von Richtung und Geschwindigkeit des fliessenden Blutes innerhalb des Herzens und in den herznahen Gef\u00e4ssen. Die Untersuchung dauert im Schnitt 30min. Sie findet in Anwesenheit des Besitzers und in der Regel am wachen Tier statt. Die Rasur je eines kleinen Fensters am Brustkorb hinter beiden Ellenbogen f\u00f6rdert die Optimierung der Bildqualit\u00e4t. Das Tier liegt in Seitenlage auf einem gepolsterten Tisch. In der Tischplatte befindet sich in H\u00f6he des Brustkorbes eine Aussparung. So kann das Herz von unterhalb der Tischplatte her angeschallt werden, wodurch der negative Einfluss lufthaltigen Lungengewebes auf die Bildqualit\u00e4t minimiert wird. Durch grossz\u00fcgiges Auftragen von Ultraschallgel wird weiterhin der Kontakt zwischen Haut und Schallkopf verbessert. W\u00e4hrend des Untersuchungsganges findet eine einmalige Umlagerung des Tieres von der rechten in die linke Seitenlage statt.<\/li>\n<\/ol>\n<p>&nbsp;<\/p>\n\n\t\t<style type=\"text\/css\">\n\t\t\t#gallery-1 {\n\t\t\t\tmargin: auto;\n\t\t\t}\n\t\t\t#gallery-1 .gallery-item {\n\t\t\t\tfloat: left;\n\t\t\t\tmargin-top: 10px;\n\t\t\t\ttext-align: center;\n\t\t\t\twidth: 33%;\n\t\t\t}\n\t\t\t#gallery-1 img {\n\t\t\t\tborder: 2px solid #cfcfcf;\n\t\t\t}\n\t\t\t#gallery-1 .gallery-caption {\n\t\t\t\tmargin-left: 0;\n\t\t\t}\n\t\t\t\/* see gallery_shortcode() in wp-includes\/media.php *\/\n\t\t<\/style>\n\t\t<div id='gallery-1' class='gallery galleryid-37 gallery-columns-3 gallery-size-thumbnail'><dl class='gallery-item'>\n\t\t\t<dt class='gallery-icon landscape'>\n\t\t\t\t<a href='https:\/\/www.kleintier-sonographie.de\/?attachment_id=88'><img width=\"150\" height=\"150\" src=\"https:\/\/www.kleintier-sonographie.de\/wp-content\/uploads\/2016\/02\/ultraschnalldiagnostik-hs2n-150x150.jpg\" class=\"attachment-thumbnail size-thumbnail\" alt=\"\" decoding=\"async\" loading=\"lazy\" srcset=\"https:\/\/www.kleintier-sonographie.de\/wp-content\/uploads\/2016\/02\/ultraschnalldiagnostik-hs2n-150x150.jpg 150w, https:\/\/www.kleintier-sonographie.de\/wp-content\/uploads\/2016\/02\/ultraschnalldiagnostik-hs2n-210x210.jpg 210w\" sizes=\"(max-width: 150px) 100vw, 150px\" \/><\/a>\n\t\t\t<\/dt><\/dl><dl class='gallery-item'>\n\t\t\t<dt class='gallery-icon landscape'>\n\t\t\t\t<a href='https:\/\/www.kleintier-sonographie.de\/?attachment_id=50'><img width=\"150\" height=\"150\" src=\"https:\/\/www.kleintier-sonographie.de\/wp-content\/uploads\/2016\/02\/F_P1010290-150x150.jpg\" class=\"attachment-thumbnail size-thumbnail\" alt=\"\" decoding=\"async\" loading=\"lazy\" aria-describedby=\"gallery-1-50\" srcset=\"https:\/\/www.kleintier-sonographie.de\/wp-content\/uploads\/2016\/02\/F_P1010290-150x150.jpg 150w, https:\/\/www.kleintier-sonographie.de\/wp-content\/uploads\/2016\/02\/F_P1010290-210x210.jpg 210w\" sizes=\"(max-width: 150px) 100vw, 150px\" \/><\/a>\n\t\t\t<\/dt>\n\t\t\t\t<dd class='wp-caption-text gallery-caption' id='gallery-1-50'>\n\t\t\t\tUltraschalluntersuchung am Herz\n\t\t\t\t<\/dd><\/dl><dl class='gallery-item'>\n\t\t\t<dt class='gallery-icon landscape'>\n\t\t\t\t<a href='https:\/\/www.kleintier-sonographie.de\/?attachment_id=49'><img width=\"150\" height=\"150\" src=\"https:\/\/www.kleintier-sonographie.de\/wp-content\/uploads\/2016\/02\/F_P1010288-150x150.jpg\" class=\"attachment-thumbnail size-thumbnail\" alt=\"\" decoding=\"async\" loading=\"lazy\" srcset=\"https:\/\/www.kleintier-sonographie.de\/wp-content\/uploads\/2016\/02\/F_P1010288-150x150.jpg 150w, https:\/\/www.kleintier-sonographie.de\/wp-content\/uploads\/2016\/02\/F_P1010288-210x210.jpg 210w\" sizes=\"(max-width: 150px) 100vw, 150px\" \/><\/a>\n\t\t\t<\/dt><\/dl><br style=\"clear: both\" \/><dl class='gallery-item'>\n\t\t\t<dt class='gallery-icon landscape'>\n\t\t\t\t<a href='https:\/\/www.kleintier-sonographie.de\/?attachment_id=52'><img width=\"150\" height=\"150\" src=\"https:\/\/www.kleintier-sonographie.de\/wp-content\/uploads\/2016\/02\/F_P1010304-150x150.jpg\" class=\"attachment-thumbnail size-thumbnail\" alt=\"\" decoding=\"async\" loading=\"lazy\" srcset=\"https:\/\/www.kleintier-sonographie.de\/wp-content\/uploads\/2016\/02\/F_P1010304-150x150.jpg 150w, https:\/\/www.kleintier-sonographie.de\/wp-content\/uploads\/2016\/02\/F_P1010304-210x210.jpg 210w\" sizes=\"(max-width: 150px) 100vw, 150px\" \/><\/a>\n\t\t\t<\/dt><\/dl><dl class='gallery-item'>\n\t\t\t<dt class='gallery-icon landscape'>\n\t\t\t\t<a href='https:\/\/www.kleintier-sonographie.de\/?attachment_id=146'><img width=\"150\" height=\"150\" src=\"https:\/\/www.kleintier-sonographie.de\/wp-content\/uploads\/2016\/02\/Image01-150x150.jpg\" class=\"attachment-thumbnail size-thumbnail\" alt=\"\" decoding=\"async\" loading=\"lazy\" srcset=\"https:\/\/www.kleintier-sonographie.de\/wp-content\/uploads\/2016\/02\/Image01-150x150.jpg 150w, https:\/\/www.kleintier-sonographie.de\/wp-content\/uploads\/2016\/02\/Image01-210x210.jpg 210w\" sizes=\"(max-width: 150px) 100vw, 150px\" \/><\/a>\n\t\t\t<\/dt><\/dl><dl class='gallery-item'>\n\t\t\t<dt class='gallery-icon landscape'>\n\t\t\t\t<a href='https:\/\/www.kleintier-sonographie.de\/?attachment_id=145'><img width=\"150\" height=\"150\" src=\"https:\/\/www.kleintier-sonographie.de\/wp-content\/uploads\/2016\/02\/Image05-150x150.jpg\" class=\"attachment-thumbnail size-thumbnail\" alt=\"\" decoding=\"async\" loading=\"lazy\" srcset=\"https:\/\/www.kleintier-sonographie.de\/wp-content\/uploads\/2016\/02\/Image05-150x150.jpg 150w, https:\/\/www.kleintier-sonographie.de\/wp-content\/uploads\/2016\/02\/Image05-210x210.jpg 210w\" sizes=\"(max-width: 150px) 100vw, 150px\" \/><\/a>\n\t\t\t<\/dt><\/dl><br style=\"clear: both\" \/>\n\t\t<\/div>\n\n<p>&nbsp;<\/p>\n<p>&nbsp;<\/p>\n<p>*Die <strong><span style=\"color: #008000;\">Ultraschalluntersuchung des Bauchraumes<\/span><\/strong> ist eine nicht-invasive, schmerzfreie und nach heutigem Kenntnisstand nebenwirkungsfreie Methode, innere Organe in ihrer geweblichen Beschaffenheit sichtbar zu machen. Folgende Organe k\u00f6nnen im Bauchraum dargestellt werden: Leber, Magen, Darm, Bauchspeicheldr\u00fcse, Nieren, Nebennieren, Harnblase, Eierst\u00f6cke, Geb\u00e4rmutter und Prostata. Abgesehen von den Bauchorganen k\u00f6nnen z.B. auch die ausserhalb der Bauchh\u00f6hle liegenden Hoden oder die am Hals liegende Schilddr\u00fcse sonographisch erfasst werden.<\/p>\n<p>Indikationen f\u00fcr eine Abdominalsonographie sind neben der Tr\u00e4chtigkeitsdiagnostik vielf\u00e4ltige akute und chronische Erkrankungen der genannten Organe sowie der Nachweis von Tumoren. Auch bei der Abkl\u00e4rung unklarer Krankheitsbilder oder unspezifisch ver\u00e4nderter Blutwerte ist eine Sonographie hilfreich. F\u00fcr eine definitive Diagnosestellung kann manchmal die Punktion eines ver\u00e4nderten Organes unter Ultraschallkontrolle notwendig sein. Das punktierte Material wird dann zytologisch und\/oder histopathologisch untersucht. Die Punktion der Harnblase ist eine harmlose und g\u00e4ngige Methode zur sterilen Gewinnung von Urin z.B. im Zusammenhang mit Blasenentz\u00fcndungen oder Harnblasenkonkrementen und auch zur Abkl\u00e4rung einer Niereninsuffizienz. Eine sonographische Untersuchung aller Organe der Bauchh\u00f6hle dauert ca. 30min. Sie findet in der Regel am wachen Tier und im Beisein des Besitzers statt. Das Tier liegt in R\u00fcckenlage auf einem gepolsterten Untersuchungstisch. Um guten Kontakt zwischen Haut und Ultraschallsonde zu gew\u00e4hrleisten, wird die Bauchdecke des Tieres grossz\u00fcgig geschoren und mit Ultraschallgel bedeckt. W\u00e4hrend der Untersuchung kann ein vorsichtiges Kippen oder auch Umlagern in die rechte oder linke Seitenlage notwendig werden, um z.B. st\u00f6rende Gasansammlungen im Darmtrakt zu umgehen und einzelne Organe optimal darstellen zu k\u00f6nnen.<\/p>\n<p>&nbsp;<\/p>\n\n\t\t<style type=\"text\/css\">\n\t\t\t#gallery-2 {\n\t\t\t\tmargin: auto;\n\t\t\t}\n\t\t\t#gallery-2 .gallery-item {\n\t\t\t\tfloat: left;\n\t\t\t\tmargin-top: 10px;\n\t\t\t\ttext-align: center;\n\t\t\t\twidth: 33%;\n\t\t\t}\n\t\t\t#gallery-2 img {\n\t\t\t\tborder: 2px solid #cfcfcf;\n\t\t\t}\n\t\t\t#gallery-2 .gallery-caption {\n\t\t\t\tmargin-left: 0;\n\t\t\t}\n\t\t\t\/* see gallery_shortcode() in wp-includes\/media.php *\/\n\t\t<\/style>\n\t\t<div id='gallery-2' class='gallery galleryid-37 gallery-columns-3 gallery-size-thumbnail'><dl class='gallery-item'>\n\t\t\t<dt class='gallery-icon landscape'>\n\t\t\t\t<a href='https:\/\/www.kleintier-sonographie.de\/?attachment_id=142'><img width=\"150\" height=\"150\" src=\"https:\/\/www.kleintier-sonographie.de\/wp-content\/uploads\/2016\/02\/Image08-150x150.jpg\" class=\"attachment-thumbnail size-thumbnail\" alt=\"\" decoding=\"async\" loading=\"lazy\" aria-describedby=\"gallery-2-142\" srcset=\"https:\/\/www.kleintier-sonographie.de\/wp-content\/uploads\/2016\/02\/Image08-150x150.jpg 150w, https:\/\/www.kleintier-sonographie.de\/wp-content\/uploads\/2016\/02\/Image08-210x210.jpg 210w\" sizes=\"(max-width: 150px) 100vw, 150px\" \/><\/a>\n\t\t\t<\/dt>\n\t\t\t\t<dd class='wp-caption-text gallery-caption' id='gallery-2-142'>\n\t\t\t\tZystenniere\n\t\t\t\t<\/dd><\/dl><dl class='gallery-item'>\n\t\t\t<dt class='gallery-icon landscape'>\n\t\t\t\t<a href='https:\/\/www.kleintier-sonographie.de\/?attachment_id=141'><img width=\"150\" height=\"150\" src=\"https:\/\/www.kleintier-sonographie.de\/wp-content\/uploads\/2016\/02\/Image09-150x150.jpg\" class=\"attachment-thumbnail size-thumbnail\" alt=\"\" decoding=\"async\" loading=\"lazy\" aria-describedby=\"gallery-2-141\" srcset=\"https:\/\/www.kleintier-sonographie.de\/wp-content\/uploads\/2016\/02\/Image09-150x150.jpg 150w, https:\/\/www.kleintier-sonographie.de\/wp-content\/uploads\/2016\/02\/Image09-210x210.jpg 210w\" sizes=\"(max-width: 150px) 100vw, 150px\" \/><\/a>\n\t\t\t<\/dt>\n\t\t\t\t<dd class='wp-caption-text gallery-caption' id='gallery-2-141'>\n\t\t\t\tGesunde Niere\n\t\t\t\t<\/dd><\/dl><dl class='gallery-item'>\n\t\t\t<dt class='gallery-icon landscape'>\n\t\t\t\t<a href='https:\/\/www.kleintier-sonographie.de\/?attachment_id=140'><img width=\"150\" height=\"150\" src=\"https:\/\/www.kleintier-sonographie.de\/wp-content\/uploads\/2016\/02\/Image10-150x150.jpg\" class=\"attachment-thumbnail size-thumbnail\" alt=\"\" decoding=\"async\" loading=\"lazy\" aria-describedby=\"gallery-2-140\" srcset=\"https:\/\/www.kleintier-sonographie.de\/wp-content\/uploads\/2016\/02\/Image10-150x150.jpg 150w, https:\/\/www.kleintier-sonographie.de\/wp-content\/uploads\/2016\/02\/Image10-210x210.jpg 210w\" sizes=\"(max-width: 150px) 100vw, 150px\" \/><\/a>\n\t\t\t<\/dt>\n\t\t\t\t<dd class='wp-caption-text gallery-caption' id='gallery-2-140'>\n\t\t\t\tLeber\n\t\t\t\t<\/dd><\/dl><br style=\"clear: both\" \/><dl class='gallery-item'>\n\t\t\t<dt class='gallery-icon landscape'>\n\t\t\t\t<a href='https:\/\/www.kleintier-sonographie.de\/?attachment_id=139'><img width=\"150\" height=\"150\" src=\"https:\/\/www.kleintier-sonographie.de\/wp-content\/uploads\/2016\/02\/Image11-150x150.jpg\" class=\"attachment-thumbnail size-thumbnail\" alt=\"\" decoding=\"async\" loading=\"lazy\" aria-describedby=\"gallery-2-139\" srcset=\"https:\/\/www.kleintier-sonographie.de\/wp-content\/uploads\/2016\/02\/Image11-150x150.jpg 150w, https:\/\/www.kleintier-sonographie.de\/wp-content\/uploads\/2016\/02\/Image11-210x210.jpg 210w\" sizes=\"(max-width: 150px) 100vw, 150px\" \/><\/a>\n\t\t\t<\/dt>\n\t\t\t\t<dd class='wp-caption-text gallery-caption' id='gallery-2-139'>\n\t\t\t\tMilz\n\t\t\t\t<\/dd><\/dl><dl class='gallery-item'>\n\t\t\t<dt class='gallery-icon landscape'>\n\t\t\t\t<a href='https:\/\/www.kleintier-sonographie.de\/?attachment_id=138'><img width=\"150\" height=\"150\" src=\"https:\/\/www.kleintier-sonographie.de\/wp-content\/uploads\/2016\/02\/Image13-150x150.jpg\" class=\"attachment-thumbnail size-thumbnail\" alt=\"\" decoding=\"async\" loading=\"lazy\" aria-describedby=\"gallery-2-138\" srcset=\"https:\/\/www.kleintier-sonographie.de\/wp-content\/uploads\/2016\/02\/Image13-150x150.jpg 150w, https:\/\/www.kleintier-sonographie.de\/wp-content\/uploads\/2016\/02\/Image13-210x210.jpg 210w\" sizes=\"(max-width: 150px) 100vw, 150px\" \/><\/a>\n\t\t\t<\/dt>\n\t\t\t\t<dd class='wp-caption-text gallery-caption' id='gallery-2-138'>\n\t\t\t\tDarm\n\t\t\t\t<\/dd><\/dl><dl class='gallery-item'>\n\t\t\t<dt class='gallery-icon landscape'>\n\t\t\t\t<a href='https:\/\/www.kleintier-sonographie.de\/?attachment_id=137'><img width=\"150\" height=\"150\" src=\"https:\/\/www.kleintier-sonographie.de\/wp-content\/uploads\/2016\/02\/Image14-150x150.jpg\" class=\"attachment-thumbnail size-thumbnail\" alt=\"\" decoding=\"async\" loading=\"lazy\" aria-describedby=\"gallery-2-137\" srcset=\"https:\/\/www.kleintier-sonographie.de\/wp-content\/uploads\/2016\/02\/Image14-150x150.jpg 150w, https:\/\/www.kleintier-sonographie.de\/wp-content\/uploads\/2016\/02\/Image14-210x210.jpg 210w\" sizes=\"(max-width: 150px) 100vw, 150px\" \/><\/a>\n\t\t\t<\/dt>\n\t\t\t\t<dd class='wp-caption-text gallery-caption' id='gallery-2-137'>\n\t\t\t\tPankreas\n\t\t\t\t<\/dd><\/dl><br style=\"clear: both\" \/>\n\t\t<\/div>\n\n<p>&nbsp;<\/p>\n<p>&nbsp;<\/p>\n<p>&nbsp;<\/p>\n<p>&nbsp;<\/p>\n","protected":false},"excerpt":{"rendered":"<p>Farbdoppler &#8211; Echokardiographie (Ultraschalluntersuchung des Herzens)* Kardiologische Zuchtuntersuchungen bei Hund und Katze EKG Blutdruckmessung (Dopplermethode) Abdominalsonographie (Ultraschalluntersuchung des Bauchraums)* ultraschallgesteuerte Organbiopsien &nbsp; * Echokardiographie ist die bildhafte Darstellung des Herzens per Ultraschall. Sie liefert wichtige Informationen \u00fcber die Anatomie und Funktion von Herzmuskel, Herzkammern, Herzklappen und herznahen Gef\u00e4ssen und erm\u00f6glicht&hellip; <\/p>\n","protected":false},"author":3,"featured_media":0,"parent":0,"menu_order":0,"comment_status":"closed","ping_status":"closed","template":"","meta":[],"_links":{"self":[{"href":"https:\/\/www.kleintier-sonographie.de\/index.php?rest_route=\/wp\/v2\/pages\/37"}],"collection":[{"href":"https:\/\/www.kleintier-sonographie.de\/index.php?rest_route=\/wp\/v2\/pages"}],"about":[{"href":"https:\/\/www.kleintier-sonographie.de\/index.php?rest_route=\/wp\/v2\/types\/page"}],"author":[{"embeddable":true,"href":"https:\/\/www.kleintier-sonographie.de\/index.php?rest_route=\/wp\/v2\/users\/3"}],"replies":[{"embeddable":true,"href":"https:\/\/www.kleintier-sonographie.de\/index.php?rest_route=%2Fwp%2Fv2%2Fcomments&post=37"}],"version-history":[{"count":21,"href":"https:\/\/www.kleintier-sonographie.de\/index.php?rest_route=\/wp\/v2\/pages\/37\/revisions"}],"predecessor-version":[{"id":275,"href":"https:\/\/www.kleintier-sonographie.de\/index.php?rest_route=\/wp\/v2\/pages\/37\/revisions\/275"}],"wp:attachment":[{"href":"https:\/\/www.kleintier-sonographie.de\/index.php?rest_route=%2Fwp%2Fv2%2Fmedia&parent=37"}],"curies":[{"name":"wp","href":"https:\/\/api.w.org\/{rel}","templated":true}]}}