{"id":103,"date":"2016-02-10T16:34:36","date_gmt":"2016-02-10T16:34:36","guid":{"rendered":"http:\/\/www.kleintier-sonographie.de\/?page_id=103"},"modified":"2026-02-02T11:47:00","modified_gmt":"2026-02-02T11:47:00","slug":"team","status":"publish","type":"page","link":"https:\/\/www.kleintier-sonographie.de\/?page_id=103","title":{"rendered":"Team"},"content":{"rendered":"<h4><\/h4>\n<h4>Tier\u00e4rztin \u2013 Dr. Johanna Pauls<\/h4>\n<h5><strong>Vita<\/strong> <img decoding=\"async\" loading=\"lazy\" class=\"size-full wp-image-106 alignright\" src=\"http:\/\/www.kleintier-sonographie.de\/wp-content\/uploads\/2016\/02\/dr_j_pauls.jpg\" alt=\"\" width=\"159\" height=\"227\" \/><\/h5>\n<p>2015: Gr\u00fcndung der Kleintierpraxis f\u00fcr Kardiologie und Ultraschalldiagnostik in Berlin<\/p>\n<p>2014: Zertifizierung f\u00fcr die zuchthygienische Untersuchung auf PKD bei Katzen<\/p>\n<p>2014: Mitglied im Collegium Cardiologicum e.V.<\/p>\n<p>2014: Mitglied bei PawPeds<\/p>\n<p>2013: Zusatzbezeichnung Kardiologie bei Klein- und Heimtieren<\/p>\n<p>2010: Gr\u00fcndung der mobilen Ultraschallpraxis in Berlin (&#8222;Kleintier-Sonomobil&#8220;)<\/p>\n<p>2006 &#8211; 2010: Tierarztpraxis Bob in Berlin, Arbeitsschwerpunkt Kardiologie und Innere,<br \/>\nFortbildungen Kardiologie und Sonographie<\/p>\n<p>2004 &#8211; 2006: Tierklinik H\u00fcttig in Reutlingen, Spezialgebiet Kardiologie<\/p>\n<p>2000 &#8211; 2003: Doktorarbeit und klinisches Arbeiten in der Klinik und Poliklinik f\u00fcr kleine Haustiere in Berlin<\/p>\n<p>2000: Approbation<\/p>\n<p>1994 &#8211; 2000: Studium der Veterin\u00e4rmedizin in Berlin<\/p>\n<h5>Verbandsmitgliedschaften<\/h5>\n<ul>\n<li>Fachgruppe Kardiologie der <span style=\"color: #99cc00;\"><a style=\"color: #99cc00;\" href=\"http:\/\/www.dvg.net\">Deutschen Veterin\u00e4rmedizinischen Gesellschaft<\/a><\/span> (DVG)<\/li>\n<li><span style=\"color: #99cc00;\"><a style=\"color: #99cc00;\" href=\"http:\/\/www.collegium-cardiologicum.de\">Collegium Cardiologicum<\/a><\/span>, zertifizierte Untersucherin f\u00fcr kardiologische Zuchtuntersuchungen beim Hund<\/li>\n<li><span style=\"color: #99cc00;\"><a style=\"color: #99cc00;\" href=\"https:\/\/pawpeds.com\">Paw Peds<\/a><\/span>, zugelassene Untersucherin f\u00fcr kardiologische Zuchtuntersuchungen bei Rassekatzen<\/li>\n<\/ul>\n<h4>Tiermedizinische Fachangestellte \u2013 Daria Wilden<\/h4>\n<h5><strong>Vita<img decoding=\"async\" loading=\"lazy\" class=\"alignright wp-image-340 size-thumbnail\" src=\"https:\/\/www.kleintier-sonographie.de\/wp-content\/uploads\/2021\/05\/PHOTO-2021-04-16-08-15-44-150x150.jpg\" alt=\"\" width=\"150\" height=\"150\" srcset=\"https:\/\/www.kleintier-sonographie.de\/wp-content\/uploads\/2021\/05\/PHOTO-2021-04-16-08-15-44-150x150.jpg 150w, https:\/\/www.kleintier-sonographie.de\/wp-content\/uploads\/2021\/05\/PHOTO-2021-04-16-08-15-44-210x210.jpg 210w\" sizes=\"(max-width: 150px) 100vw, 150px\" \/><br \/>\n<\/strong><\/h5>\n<p>seit 02\/2020: angestellt in der Kleintierpraxis Dr. Pauls<\/p>\n<p>2017-2020: Freiberufliche Katzentherapeutin im Raum Berlin<\/p>\n<p>2015-2017: Ausbildung zur Tiermedizinischen Fachangestellten in der Smartvetpraxis Berlin-Pankow<\/p>\n<h4>Tiermedizinische Fachangestellte \u2013 Franziska Gienow<\/h4>\n<h5><strong>Vita <img decoding=\"async\" loading=\"lazy\" class=\"alignright wp-image-300 size-thumbnail\" src=\"https:\/\/www.kleintier-sonographie.de\/wp-content\/uploads\/2017\/05\/franziska-small-150x150.jpg\" alt=\"\" width=\"150\" height=\"150\" \/><br \/>\n<\/strong><\/h5>\n<p>seit 08\/2016: Angestellt in der Kleintierpraxis Dr. Pauls<\/p>\n<p>02\/2015: Teilnahme am Symposium \u201cPhysiotherapie f\u00fcr TFA\u201c<\/p>\n<p>01\/2015: Angestellt in der TAP M.M\u00fcller in Berlin Hermsdorf<\/p>\n<p>2015: Abschluss der Ausbildung zur tiermedizinischen Fachangestellten(TFA) in der Tierarztpraxis M\u00fcller in Berlin Hermsdorf<\/p>\n","protected":false},"excerpt":{"rendered":"<p>Tier\u00e4rztin \u2013 Dr. Johanna Pauls Vita 2015: Gr\u00fcndung der Kleintierpraxis f\u00fcr Kardiologie und Ultraschalldiagnostik in Berlin 2014: Zertifizierung f\u00fcr die zuchthygienische Untersuchung auf PKD bei Katzen 2014: Mitglied im Collegium Cardiologicum e.V. 2014: Mitglied bei PawPeds 2013: Zusatzbezeichnung Kardiologie bei Klein- und Heimtieren 2010: Gr\u00fcndung der mobilen Ultraschallpraxis in Berlin&hellip; <\/p>\n","protected":false},"author":2,"featured_media":0,"parent":0,"menu_order":0,"comment_status":"closed","ping_status":"closed","template":"","meta":[],"_links":{"self":[{"href":"https:\/\/www.kleintier-sonographie.de\/index.php?rest_route=\/wp\/v2\/pages\/103"}],"collection":[{"href":"https:\/\/www.kleintier-sonographie.de\/index.php?rest_route=\/wp\/v2\/pages"}],"about":[{"href":"https:\/\/www.kleintier-sonographie.de\/index.php?rest_route=\/wp\/v2\/types\/page"}],"author":[{"embeddable":true,"href":"https:\/\/www.kleintier-sonographie.de\/index.php?rest_route=\/wp\/v2\/users\/2"}],"replies":[{"embeddable":true,"href":"https:\/\/www.kleintier-sonographie.de\/index.php?rest_route=%2Fwp%2Fv2%2Fcomments&post=103"}],"version-history":[{"count":30,"href":"https:\/\/www.kleintier-sonographie.de\/index.php?rest_route=\/wp\/v2\/pages\/103\/revisions"}],"predecessor-version":[{"id":349,"href":"https:\/\/www.kleintier-sonographie.de\/index.php?rest_route=\/wp\/v2\/pages\/103\/revisions\/349"}],"wp:attachment":[{"href":"https:\/\/www.kleintier-sonographie.de\/index.php?rest_route=%2Fwp%2Fv2%2Fmedia&parent=103"}],"curies":[{"name":"wp","href":"https:\/\/api.w.org\/{rel}","templated":true}]}}